{"id":268,"date":"2021-10-14T07:52:36","date_gmt":"2021-10-14T07:52:36","guid":{"rendered":"https:\/\/edukom.eu\/wordpress\/?page_id=268"},"modified":"2021-10-18T05:07:39","modified_gmt":"2021-10-18T05:07:39","slug":"dib","status":"publish","type":"page","link":"https:\/\/edukom.eu\/wordpress\/dib\/","title":{"rendered":"DiB"},"content":{"rendered":"<p><strong style=\"font-size: 18.6667px;\"><a href=\"https:\/\/edukom.eu\/wordpress\/wp-content\/uploads\/2021\/10\/DiB-1.png\" data-rel=\"lightbox-image-0\" data-rl_title=\"\" data-rl_caption=\"\" title=\"\"><img loading=\"lazy\" decoding=\"async\" class=\"alignright wp-image-249\" src=\"https:\/\/edukom.eu\/wordpress\/wp-content\/uploads\/2021\/10\/DiB-1-300x157.png\" alt=\"\" width=\"495\" height=\"259\" srcset=\"https:\/\/edukom.eu\/wordpress\/wp-content\/uploads\/2021\/10\/DiB-1-300x157.png 300w, https:\/\/edukom.eu\/wordpress\/wp-content\/uploads\/2021\/10\/DiB-1-1024x535.png 1024w, https:\/\/edukom.eu\/wordpress\/wp-content\/uploads\/2021\/10\/DiB-1-768x401.png 768w, https:\/\/edukom.eu\/wordpress\/wp-content\/uploads\/2021\/10\/DiB-1-1536x803.png 1536w, https:\/\/edukom.eu\/wordpress\/wp-content\/uploads\/2021\/10\/DiB-1-390x205.png 390w, https:\/\/edukom.eu\/wordpress\/wp-content\/uploads\/2021\/10\/DiB-1.png 1911w\" sizes=\"auto, (max-width: 495px) 100vw, 495px\" \/><\/a><\/strong><\/p>\n<p><span style=\"font-size: 14pt;\"><strong>Deck is Back \u2013 pr<\/strong><\/span><span style=\"font-size: 14pt;\"><strong>ogram do drukowania ok\u0142adek kaset magnetofonowych<\/strong><\/span><\/p>\n<p><strong>&#8222;Deck is Back&#8221;\u00a0 to ca\u0142kowicie darmowy, przyjazny program do \u0142atwego tworzenia ok\u0142adek dla kaset magnetofonowych. Aplikacja posiada 3 predefiniowane ustawienia, pozwalaj\u0105ce przygotowa\u0107 estetyczne ok\u0142adki dla popularnych firm produkuj\u0105cych kasety magnetofonowe.<\/strong><\/p>\n<div class=\"storybody\">\n<p>Program pozwala importowa\u0107 i eksportowa\u0107 listy utwor\u00f3w oraz wyszukiwa\u0107 wybrane informacje.<\/p>\n<p>Do drukowania najlepiej wykorzystywa\u0107 karteczki w formacie A5.<\/p>\n<p>Aplikacja do dzia\u0142ania wymaga pobrania i zainstalowania samodzielnie <a href=\"https:\/\/support.microsoft.com\/pl-pl\/office\/pobieranie-i-instalowanie-%C5%9Brodowiska-uruchomieniowego-programu-access-platformy-microsoft-365-185c5a32-8ba9-491e-ac76-91cbe3ea09c9\">\u015arodowiska Uruchomieniowego Runtime Access 365<\/a><\/p>\n<p>Je\u017celi na komputerze jest ju\u017c zainstalowany program MS ACCESS (wersja 16) nie musimy instalowa\u0107 &#8222;\u015arodowiska Uruchomieniowego&#8221;.<\/p>\n<p>Ewentualne uwagi prosz\u0119 przesy\u0142a\u0107 na <a href=\"http:\/\/edukom.eu\/wordpress\/kontakt\/\"><strong>@mail<\/strong><\/a><\/p>\n<p>&nbsp;<\/p>\n<div class='w3eden'><!-- WPDM Link Template: Default Template -->\n\n<div class=\"link-template-default card mb-2\">\n    <div class=\"card-body\">\n        <div class=\"media\">\n            <div class=\"mr-3 img-48\"><img decoding=\"async\" class=\"wpdm_icon\" alt=\"Ikonka\"   src=\"https:\/\/edukom.eu\/wordpress\/wp-content\/plugins\/download-manager\/assets\/file-type-icons\/zip.svg\" \/><\/div>\n            <div class=\"media-body\">\n                <h3 class=\"package-title\"><a href='https:\/\/edukom.eu\/wordpress\/download\/dib-program-do-drukowania-okladek-kaset-magnetofonowych\/'>DiB \u2013 program do drukowania ok\u0142adek kaset magnetofonowych<\/a><\/h3>\n                <div class=\"text-muted text-small\"><i class=\"fas fa-copy\"><\/i> 1 plik(i) <i class=\"fas fa-hdd ml-3\"><\/i> 1.0 MB<\/div>\n            <\/div>\n            <div class=\"ml-3\">\n                <a href='#unlock' class='wpdm-download-link wpdm-download-locked btn btn-primary btn-sm' data-package='261'>Deck Is Back - ok\u0142adki kaset<\/a>\n            <\/div>\n        <\/div>\n    <\/div>\n<\/div>\n\n<\/div>\n<\/div>\n<p>&nbsp;<\/p>\n","protected":false},"excerpt":{"rendered":"<p>Deck is Back \u2013 program do drukowania ok\u0142adek kaset magnetofonowych &#8222;Deck is Back&#8221;\u00a0 to ca\u0142kowicie darmowy, przyjazny program do \u0142atwego<\/p>\n","protected":false},"author":2,"featured_media":0,"parent":0,"menu_order":0,"comment_status":"closed","ping_status":"closed","template":"","meta":{"footnotes":""},"class_list":["post-268","page","type-page","status-publish","hentry"],"_links":{"self":[{"href":"https:\/\/edukom.eu\/wordpress\/wp-json\/wp\/v2\/pages\/268","targetHints":{"allow":["GET"]}}],"collection":[{"href":"https:\/\/edukom.eu\/wordpress\/wp-json\/wp\/v2\/pages"}],"about":[{"href":"https:\/\/edukom.eu\/wordpress\/wp-json\/wp\/v2\/types\/page"}],"author":[{"embeddable":true,"href":"https:\/\/edukom.eu\/wordpress\/wp-json\/wp\/v2\/users\/2"}],"replies":[{"embeddable":true,"href":"https:\/\/edukom.eu\/wordpress\/wp-json\/wp\/v2\/comments?post=268"}],"version-history":[{"count":9,"href":"https:\/\/edukom.eu\/wordpress\/wp-json\/wp\/v2\/pages\/268\/revisions"}],"predecessor-version":[{"id":299,"href":"https:\/\/edukom.eu\/wordpress\/wp-json\/wp\/v2\/pages\/268\/revisions\/299"}],"wp:attachment":[{"href":"https:\/\/edukom.eu\/wordpress\/wp-json\/wp\/v2\/media?parent=268"}],"curies":[{"name":"wp","href":"https:\/\/api.w.org\/{rel}","templated":true}]}}